{"id":67,"date":"2024-05-29T06:10:39","date_gmt":"2024-05-29T04:10:39","guid":{"rendered":"https:\/\/pruebaecom.orbidi.es\/?page_id=67"},"modified":"2024-11-20T05:06:27","modified_gmt":"2024-11-20T04:06:27","slug":"mi-cuenta","status":"publish","type":"page","link":"https:\/\/spanishwithalexandra.com\/en\/mi-cuenta\/","title":{"rendered":"Mi cuenta"},"content":{"rendered":"<div data-elementor-type=\"wp-page\" data-elementor-id=\"67\" class=\"elementor elementor-67\" data-elementor-post-type=\"page\">\n\t\t\t\t<div class=\"elementor-element elementor-element-0964467 e-flex e-con-boxed e-con e-parent\" data-id=\"0964467\" data-element_type=\"container\" data-e-type=\"container\">\n\t\t\t\t\t<div class=\"e-con-inner\">\n\t\t\t\t<div class=\"elementor-element elementor-element-b1d18f1 elementor-widget elementor-widget-heading\" data-id=\"b1d18f1\" data-element_type=\"widget\" data-e-type=\"widget\" data-widget_type=\"heading.default\">\n\t\t\t\t<div class=\"elementor-widget-container\">\n\t\t\t\t\t<h2 class=\"elementor-heading-title elementor-size-default\">Mi cuenta<\/h2>\t\t\t\t<\/div>\n\t\t\t\t<\/div>\n\t\t\t\t<div class=\"elementor-element elementor-element-0204fdc e-my-account-tabs-vertical elementor-widget elementor-widget-woocommerce-my-account\" data-id=\"0204fdc\" data-element_type=\"widget\" data-e-type=\"widget\" data-widget_type=\"woocommerce-my-account.default\">\n\t\t\t\t<div class=\"elementor-widget-container\">\n\t\t\t\t\t<div class=\"e-my-account-tab e-my-account-tab__\">\t\t\t<div class=\"woocommerce\"><\/div>\t\t<\/div>\n\t\t\t\t\t\t<\/div>\n\t\t\t\t<\/div>\n\t\t\t\t\t<\/div>\n\t\t\t\t<\/div>\n\t\t\t\t<\/div>","protected":false},"excerpt":{"rendered":"<p>Mi cuenta Escritorio Pedidos Descargas Direcciones Detalles de la cuenta Cerrar sesi\u00f3n Hola admin (\u00bfno eres admin? Cerrar sesi\u00f3n) Desde el escritorio de tu cuenta puedes ver tus pedidos recientes, gestionar tus direcciones de env\u00edo y facturaci\u00f3n y editar tu contrase\u00f1a y los detalles de tu cuenta.<\/p>","protected":false},"author":1,"featured_media":0,"parent":0,"menu_order":0,"comment_status":"closed","ping_status":"closed","template":"","meta":{"footnotes":""},"class_list":["post-67","page","type-page","status-publish","hentry"],"yoast_head":"<!-- This site is optimized with the Yoast SEO plugin v27.5 - https:\/\/yoast.com\/product\/yoast-seo-wordpress\/ -->\n<title>Mi cuenta - Spanish with Alexandra<\/title>\n<meta name=\"robots\" content=\"index, follow, max-snippet:-1, max-image-preview:large, max-video-preview:-1\" \/>\n<link rel=\"canonical\" href=\"https:\/\/www.spanishwithalexandra.com\/mi-cuenta\/\" \/>\n<meta property=\"og:locale\" content=\"en_GB\" \/>\n<meta property=\"og:type\" content=\"article\" \/>\n<meta property=\"og:title\" content=\"Mi cuenta - Spanish with Alexandra\" \/>\n<meta property=\"og:description\" content=\"Mi cuenta Escritorio Pedidos Descargas Direcciones Detalles de la cuenta Cerrar sesi\u00f3n Hola admin (\u00bfno eres admin? Cerrar sesi\u00f3n) Desde el escritorio de tu cuenta puedes ver tus pedidos recientes, gestionar tus direcciones de env\u00edo y facturaci\u00f3n y editar tu contrase\u00f1a y los detalles de tu cuenta.\" \/>\n<meta property=\"og:url\" content=\"https:\/\/www.spanishwithalexandra.com\/mi-cuenta\/\" \/>\n<meta property=\"og:site_name\" content=\"Spanish with Alexandra\" \/>\n<meta property=\"article:modified_time\" content=\"2024-11-20T04:06:27+00:00\" \/>\n<meta name=\"twitter:card\" content=\"summary_large_image\" \/>\n<script type=\"application\/ld+json\" class=\"yoast-schema-graph\">{\"@context\":\"https:\\\/\\\/schema.org\",\"@graph\":[{\"@type\":\"WebPage\",\"@id\":\"https:\\\/\\\/www.spanishwithalexandra.com\\\/mi-cuenta\\\/\",\"url\":\"https:\\\/\\\/www.spanishwithalexandra.com\\\/mi-cuenta\\\/\",\"name\":\"Mi cuenta - Spanish with Alexandra\",\"isPartOf\":{\"@id\":\"https:\\\/\\\/www.spanishwithalexandra.com\\\/#website\"},\"datePublished\":\"2024-05-29T04:10:39+00:00\",\"dateModified\":\"2024-11-20T04:06:27+00:00\",\"breadcrumb\":{\"@id\":\"https:\\\/\\\/www.spanishwithalexandra.com\\\/mi-cuenta\\\/#breadcrumb\"},\"inLanguage\":\"en-GB\",\"potentialAction\":[{\"@type\":\"ReadAction\",\"target\":[\"https:\\\/\\\/www.spanishwithalexandra.com\\\/mi-cuenta\\\/\"]}]},{\"@type\":\"BreadcrumbList\",\"@id\":\"https:\\\/\\\/www.spanishwithalexandra.com\\\/mi-cuenta\\\/#breadcrumb\",\"itemListElement\":[{\"@type\":\"ListItem\",\"position\":1,\"name\":\"Portada\",\"item\":\"https:\\\/\\\/www.spanishwithalexandra.com\\\/\"},{\"@type\":\"ListItem\",\"position\":2,\"name\":\"Mi cuenta\"}]},{\"@type\":\"WebSite\",\"@id\":\"https:\\\/\\\/www.spanishwithalexandra.com\\\/#website\",\"url\":\"https:\\\/\\\/www.spanishwithalexandra.com\\\/\",\"name\":\"Spanish with Alexandra\",\"description\":\"Clases de espa\u00f1ol online con profesora nativa\",\"publisher\":{\"@id\":\"https:\\\/\\\/www.spanishwithalexandra.com\\\/#organization\"},\"potentialAction\":[{\"@type\":\"SearchAction\",\"target\":{\"@type\":\"EntryPoint\",\"urlTemplate\":\"https:\\\/\\\/www.spanishwithalexandra.com\\\/?s={search_term_string}\"},\"query-input\":{\"@type\":\"PropertyValueSpecification\",\"valueRequired\":true,\"valueName\":\"search_term_string\"}}],\"inLanguage\":\"en-GB\"},{\"@type\":\"Organization\",\"@id\":\"https:\\\/\\\/www.spanishwithalexandra.com\\\/#organization\",\"name\":\"Spanish with Alexandra\",\"url\":\"https:\\\/\\\/www.spanishwithalexandra.com\\\/\",\"logo\":{\"@type\":\"ImageObject\",\"inLanguage\":\"en-GB\",\"@id\":\"https:\\\/\\\/www.spanishwithalexandra.com\\\/#\\\/schema\\\/logo\\\/image\\\/\",\"url\":\"https:\\\/\\\/spanishwithalexandra.com\\\/wp-content\\\/uploads\\\/2024\\\/05\\\/logo-makeit.webp\",\"contentUrl\":\"https:\\\/\\\/spanishwithalexandra.com\\\/wp-content\\\/uploads\\\/2024\\\/05\\\/logo-makeit.webp\",\"width\":442,\"height\":450,\"caption\":\"Spanish with Alexandra\"},\"image\":{\"@id\":\"https:\\\/\\\/www.spanishwithalexandra.com\\\/#\\\/schema\\\/logo\\\/image\\\/\"}}]}<\/script>\n<!-- \/ Yoast SEO plugin. -->","yoast_head_json":{"title":"Mi cuenta - Spanish with Alexandra","robots":{"index":"index","follow":"follow","max-snippet":"max-snippet:-1","max-image-preview":"max-image-preview:large","max-video-preview":"max-video-preview:-1"},"canonical":"https:\/\/www.spanishwithalexandra.com\/mi-cuenta\/","og_locale":"en_GB","og_type":"article","og_title":"Mi cuenta - Spanish with Alexandra","og_description":"Mi cuenta Escritorio Pedidos Descargas Direcciones Detalles de la cuenta Cerrar sesi\u00f3n Hola admin (\u00bfno eres admin? Cerrar sesi\u00f3n) Desde el escritorio de tu cuenta puedes ver tus pedidos recientes, gestionar tus direcciones de env\u00edo y facturaci\u00f3n y editar tu contrase\u00f1a y los detalles de tu cuenta.","og_url":"https:\/\/www.spanishwithalexandra.com\/mi-cuenta\/","og_site_name":"Spanish with Alexandra","article_modified_time":"2024-11-20T04:06:27+00:00","twitter_card":"summary_large_image","schema":{"@context":"https:\/\/schema.org","@graph":[{"@type":"WebPage","@id":"https:\/\/www.spanishwithalexandra.com\/mi-cuenta\/","url":"https:\/\/www.spanishwithalexandra.com\/mi-cuenta\/","name":"Mi cuenta - Spanish with Alexandra","isPartOf":{"@id":"https:\/\/www.spanishwithalexandra.com\/#website"},"datePublished":"2024-05-29T04:10:39+00:00","dateModified":"2024-11-20T04:06:27+00:00","breadcrumb":{"@id":"https:\/\/www.spanishwithalexandra.com\/mi-cuenta\/#breadcrumb"},"inLanguage":"en-GB","potentialAction":[{"@type":"ReadAction","target":["https:\/\/www.spanishwithalexandra.com\/mi-cuenta\/"]}]},{"@type":"BreadcrumbList","@id":"https:\/\/www.spanishwithalexandra.com\/mi-cuenta\/#breadcrumb","itemListElement":[{"@type":"ListItem","position":1,"name":"Portada","item":"https:\/\/www.spanishwithalexandra.com\/"},{"@type":"ListItem","position":2,"name":"Mi cuenta"}]},{"@type":"WebSite","@id":"https:\/\/www.spanishwithalexandra.com\/#website","url":"https:\/\/www.spanishwithalexandra.com\/","name":"Spanish with Alexandra","description":"Clases de espa\u00f1ol online con profesora nativa","publisher":{"@id":"https:\/\/www.spanishwithalexandra.com\/#organization"},"potentialAction":[{"@type":"SearchAction","target":{"@type":"EntryPoint","urlTemplate":"https:\/\/www.spanishwithalexandra.com\/?s={search_term_string}"},"query-input":{"@type":"PropertyValueSpecification","valueRequired":true,"valueName":"search_term_string"}}],"inLanguage":"en-GB"},{"@type":"Organization","@id":"https:\/\/www.spanishwithalexandra.com\/#organization","name":"Spanish with Alexandra","url":"https:\/\/www.spanishwithalexandra.com\/","logo":{"@type":"ImageObject","inLanguage":"en-GB","@id":"https:\/\/www.spanishwithalexandra.com\/#\/schema\/logo\/image\/","url":"https:\/\/spanishwithalexandra.com\/wp-content\/uploads\/2024\/05\/logo-makeit.webp","contentUrl":"https:\/\/spanishwithalexandra.com\/wp-content\/uploads\/2024\/05\/logo-makeit.webp","width":442,"height":450,"caption":"Spanish with Alexandra"},"image":{"@id":"https:\/\/www.spanishwithalexandra.com\/#\/schema\/logo\/image\/"}}]}},"_links":{"self":[{"href":"https:\/\/spanishwithalexandra.com\/en\/wp-json\/wp\/v2\/pages\/67","targetHints":{"allow":["GET"]}}],"collection":[{"href":"https:\/\/spanishwithalexandra.com\/en\/wp-json\/wp\/v2\/pages"}],"about":[{"href":"https:\/\/spanishwithalexandra.com\/en\/wp-json\/wp\/v2\/types\/page"}],"author":[{"embeddable":true,"href":"https:\/\/spanishwithalexandra.com\/en\/wp-json\/wp\/v2\/users\/1"}],"replies":[{"embeddable":true,"href":"https:\/\/spanishwithalexandra.com\/en\/wp-json\/wp\/v2\/comments?post=67"}],"version-history":[{"count":13,"href":"https:\/\/spanishwithalexandra.com\/en\/wp-json\/wp\/v2\/pages\/67\/revisions"}],"predecessor-version":[{"id":918,"href":"https:\/\/spanishwithalexandra.com\/en\/wp-json\/wp\/v2\/pages\/67\/revisions\/918"}],"wp:attachment":[{"href":"https:\/\/spanishwithalexandra.com\/en\/wp-json\/wp\/v2\/media?parent=67"}],"curies":[{"name":"wp","href":"https:\/\/api.w.org\/{rel}","templated":true}]}}