{"id":1430,"date":"2025-03-14T15:15:45","date_gmt":"2025-03-14T14:15:45","guid":{"rendered":"https:\/\/spanishwithalexandra.orbidi.dev\/?post_type=product&#038;p=1430"},"modified":"2025-05-26T21:02:55","modified_gmt":"2025-05-26T19:02:55","slug":"pack-descargable-entrena-tu-oido-audio-pdf-interactivo","status":"publish","type":"product","link":"https:\/\/spanishwithalexandra.com\/en\/product\/pack-descargable-entrena-tu-oido-audio-pdf-interactivo\/","title":{"rendered":"Pack descargable: Entrena tu o\u00eddo \u2013 Audio + PDF interactivo"},"content":{"rendered":"<p><span style=\"font-weight: 400;\">Mejora tu comprensi\u00f3n auditiva con audios naturales de hablantes nativos y un PDF con ejercicios pr\u00e1cticos para reforzar lo aprendido.<\/span><\/p>\n<ul>\n<li style=\"font-weight: 400;\" aria-level=\"1\"><span style=\"font-weight: 400;\">Ejercicios de escucha con situaciones reales y di\u00e1logos aut\u00e9nticos<\/span><\/li>\n<li style=\"font-weight: 400;\" aria-level=\"1\"><span style=\"font-weight: 400;\">Audio en diferentes acentos para entrenar el o\u00eddo<\/span><\/li>\n<li style=\"font-weight: 400;\" aria-level=\"1\"><span style=\"font-weight: 400;\">Actividades interactivas para mejorar la retenci\u00f3n del idioma<\/span><\/li>\n<li style=\"font-weight: 400;\" aria-level=\"1\"><span style=\"font-weight: 400;\">M\u00e9todos probados para entender conversaciones con mayor facilidad<\/span><\/li>\n<li style=\"font-weight: 400;\" aria-level=\"1\"><span style=\"font-weight: 400;\">Ideal para estudiantes que quieren ganar fluidez r\u00e1pidamente<\/span><\/li>\n<\/ul>\n<p><span style=\"font-weight: 400;\">Escucha, practica y mejora tu comprensi\u00f3n auditiva desde hoy mismo.<\/span><\/p>","protected":false},"excerpt":{"rendered":"<p>Mejora tu comprensi\u00f3n auditiva con audios naturales de hablantes nativos y un PDF con ejercicios pr\u00e1cticos para reforzar lo aprendido. Ejercicios de escucha con situaciones reales y di\u00e1logos aut\u00e9nticos Audio en diferentes acentos para entrenar el o\u00eddo Actividades interactivas para mejorar la retenci\u00f3n del idioma M\u00e9todos probados para entender conversaciones con mayor facilidad Ideal para [&hellip;]<\/p>\n","protected":false},"featured_media":1426,"comment_status":"open","ping_status":"closed","template":"","meta":[],"product_brand":[],"product_cat":[36],"product_tag":[],"class_list":{"0":"post-1430","1":"product","2":"type-product","3":"status-publish","4":"has-post-thumbnail","6":"product_cat-packs-descargables","8":"first","9":"instock","10":"shipping-taxable","11":"purchasable","12":"product-type-simple"},"yoast_head":"<!-- This site is optimized with the Yoast SEO plugin v27.5 - https:\/\/yoast.com\/product\/yoast-seo-wordpress\/ -->\n<title>Pack descargable: Entrena tu o\u00eddo \u2013 Audio + PDF interactivo - Spanish with Alexandra<\/title>\n<meta name=\"robots\" content=\"index, follow, max-snippet:-1, max-image-preview:large, max-video-preview:-1\" \/>\n<link rel=\"canonical\" href=\"https:\/\/www.spanishwithalexandra.com\/producto\/pack-descargable-entrena-tu-oido-audio-pdf-interactivo\/\" \/>\n<meta property=\"og:locale\" content=\"en_GB\" \/>\n<meta property=\"og:type\" content=\"article\" \/>\n<meta property=\"og:title\" content=\"Pack descargable: Entrena tu o\u00eddo \u2013 Audio + PDF interactivo - Spanish with Alexandra\" \/>\n<meta property=\"og:description\" content=\"Mejora tu comprensi\u00f3n auditiva con audios naturales de hablantes nativos y un PDF con ejercicios pr\u00e1cticos para reforzar lo aprendido. Ejercicios de escucha con situaciones reales y di\u00e1logos aut\u00e9nticos Audio en diferentes acentos para entrenar el o\u00eddo Actividades interactivas para mejorar la retenci\u00f3n del idioma M\u00e9todos probados para entender conversaciones con mayor facilidad Ideal para [&hellip;]\" \/>\n<meta property=\"og:url\" content=\"https:\/\/www.spanishwithalexandra.com\/producto\/pack-descargable-entrena-tu-oido-audio-pdf-interactivo\/\" \/>\n<meta property=\"og:site_name\" content=\"Spanish with Alexandra\" \/>\n<meta property=\"article:modified_time\" content=\"2025-05-26T19:02:55+00:00\" \/>\n<meta property=\"og:image\" content=\"https:\/\/www.spanishwithalexandra.com\/wp-content\/uploads\/2025\/03\/Frame-119.jpg\" \/>\n\t<meta property=\"og:image:width\" content=\"357\" \/>\n\t<meta property=\"og:image:height\" content=\"350\" \/>\n\t<meta property=\"og:image:type\" content=\"image\/jpeg\" \/>\n<meta name=\"twitter:card\" content=\"summary_large_image\" \/>\n<script type=\"application\/ld+json\" class=\"yoast-schema-graph\">{\"@context\":\"https:\\\/\\\/schema.org\",\"@graph\":[{\"@type\":\"WebPage\",\"@id\":\"https:\\\/\\\/www.spanishwithalexandra.com\\\/producto\\\/pack-descargable-entrena-tu-oido-audio-pdf-interactivo\\\/\",\"url\":\"https:\\\/\\\/www.spanishwithalexandra.com\\\/producto\\\/pack-descargable-entrena-tu-oido-audio-pdf-interactivo\\\/\",\"name\":\"Pack descargable: Entrena tu o\u00eddo \u2013 Audio + PDF interactivo - Spanish with Alexandra\",\"isPartOf\":{\"@id\":\"https:\\\/\\\/www.spanishwithalexandra.com\\\/#website\"},\"primaryImageOfPage\":{\"@id\":\"https:\\\/\\\/www.spanishwithalexandra.com\\\/producto\\\/pack-descargable-entrena-tu-oido-audio-pdf-interactivo\\\/#primaryimage\"},\"image\":{\"@id\":\"https:\\\/\\\/www.spanishwithalexandra.com\\\/producto\\\/pack-descargable-entrena-tu-oido-audio-pdf-interactivo\\\/#primaryimage\"},\"thumbnailUrl\":\"https:\\\/\\\/spanishwithalexandra.com\\\/wp-content\\\/uploads\\\/2025\\\/03\\\/Frame-119.jpg\",\"datePublished\":\"2025-03-14T14:15:45+00:00\",\"dateModified\":\"2025-05-26T19:02:55+00:00\",\"breadcrumb\":{\"@id\":\"https:\\\/\\\/www.spanishwithalexandra.com\\\/producto\\\/pack-descargable-entrena-tu-oido-audio-pdf-interactivo\\\/#breadcrumb\"},\"inLanguage\":\"en-GB\",\"potentialAction\":[{\"@type\":\"ReadAction\",\"target\":[\"https:\\\/\\\/www.spanishwithalexandra.com\\\/producto\\\/pack-descargable-entrena-tu-oido-audio-pdf-interactivo\\\/\"]}]},{\"@type\":\"ImageObject\",\"inLanguage\":\"en-GB\",\"@id\":\"https:\\\/\\\/www.spanishwithalexandra.com\\\/producto\\\/pack-descargable-entrena-tu-oido-audio-pdf-interactivo\\\/#primaryimage\",\"url\":\"https:\\\/\\\/spanishwithalexandra.com\\\/wp-content\\\/uploads\\\/2025\\\/03\\\/Frame-119.jpg\",\"contentUrl\":\"https:\\\/\\\/spanishwithalexandra.com\\\/wp-content\\\/uploads\\\/2025\\\/03\\\/Frame-119.jpg\",\"width\":357,\"height\":350,\"caption\":\"Pack descargable: Entrena tu o\u00eddo \u2013 Audio + PDF interactivo\"},{\"@type\":\"BreadcrumbList\",\"@id\":\"https:\\\/\\\/www.spanishwithalexandra.com\\\/producto\\\/pack-descargable-entrena-tu-oido-audio-pdf-interactivo\\\/#breadcrumb\",\"itemListElement\":[{\"@type\":\"ListItem\",\"position\":1,\"name\":\"Portada\",\"item\":\"https:\\\/\\\/www.spanishwithalexandra.com\\\/\"},{\"@type\":\"ListItem\",\"position\":2,\"name\":\"Tienda\",\"item\":\"https:\\\/\\\/www.spanishwithalexandra.com\\\/tienda\\\/\"},{\"@type\":\"ListItem\",\"position\":3,\"name\":\"Pack descargable: Entrena tu o\u00eddo \u2013 Audio + PDF interactivo\"}]},{\"@type\":\"WebSite\",\"@id\":\"https:\\\/\\\/www.spanishwithalexandra.com\\\/#website\",\"url\":\"https:\\\/\\\/www.spanishwithalexandra.com\\\/\",\"name\":\"Spanish with Alexandra\",\"description\":\"Clases de espa\u00f1ol online con profesora nativa\",\"publisher\":{\"@id\":\"https:\\\/\\\/www.spanishwithalexandra.com\\\/#organization\"},\"potentialAction\":[{\"@type\":\"SearchAction\",\"target\":{\"@type\":\"EntryPoint\",\"urlTemplate\":\"https:\\\/\\\/www.spanishwithalexandra.com\\\/?s={search_term_string}\"},\"query-input\":{\"@type\":\"PropertyValueSpecification\",\"valueRequired\":true,\"valueName\":\"search_term_string\"}}],\"inLanguage\":\"en-GB\"},{\"@type\":\"Organization\",\"@id\":\"https:\\\/\\\/www.spanishwithalexandra.com\\\/#organization\",\"name\":\"Spanish with Alexandra\",\"url\":\"https:\\\/\\\/www.spanishwithalexandra.com\\\/\",\"logo\":{\"@type\":\"ImageObject\",\"inLanguage\":\"en-GB\",\"@id\":\"https:\\\/\\\/www.spanishwithalexandra.com\\\/#\\\/schema\\\/logo\\\/image\\\/\",\"url\":\"https:\\\/\\\/spanishwithalexandra.com\\\/wp-content\\\/uploads\\\/2024\\\/05\\\/logo-makeit.webp\",\"contentUrl\":\"https:\\\/\\\/spanishwithalexandra.com\\\/wp-content\\\/uploads\\\/2024\\\/05\\\/logo-makeit.webp\",\"width\":442,\"height\":450,\"caption\":\"Spanish with Alexandra\"},\"image\":{\"@id\":\"https:\\\/\\\/www.spanishwithalexandra.com\\\/#\\\/schema\\\/logo\\\/image\\\/\"}}]}<\/script>\n<!-- \/ Yoast SEO plugin. -->","yoast_head_json":{"title":"Pack descargable: Entrena tu o\u00eddo \u2013 Audio + PDF interactivo - Spanish with Alexandra","robots":{"index":"index","follow":"follow","max-snippet":"max-snippet:-1","max-image-preview":"max-image-preview:large","max-video-preview":"max-video-preview:-1"},"canonical":"https:\/\/www.spanishwithalexandra.com\/producto\/pack-descargable-entrena-tu-oido-audio-pdf-interactivo\/","og_locale":"en_GB","og_type":"article","og_title":"Pack descargable: Entrena tu o\u00eddo \u2013 Audio + PDF interactivo - Spanish with Alexandra","og_description":"Mejora tu comprensi\u00f3n auditiva con audios naturales de hablantes nativos y un PDF con ejercicios pr\u00e1cticos para reforzar lo aprendido. Ejercicios de escucha con situaciones reales y di\u00e1logos aut\u00e9nticos Audio en diferentes acentos para entrenar el o\u00eddo Actividades interactivas para mejorar la retenci\u00f3n del idioma M\u00e9todos probados para entender conversaciones con mayor facilidad Ideal para [&hellip;]","og_url":"https:\/\/www.spanishwithalexandra.com\/producto\/pack-descargable-entrena-tu-oido-audio-pdf-interactivo\/","og_site_name":"Spanish with Alexandra","article_modified_time":"2025-05-26T19:02:55+00:00","og_image":[{"width":357,"height":350,"url":"https:\/\/www.spanishwithalexandra.com\/wp-content\/uploads\/2025\/03\/Frame-119.jpg","type":"image\/jpeg"}],"twitter_card":"summary_large_image","schema":{"@context":"https:\/\/schema.org","@graph":[{"@type":"WebPage","@id":"https:\/\/www.spanishwithalexandra.com\/producto\/pack-descargable-entrena-tu-oido-audio-pdf-interactivo\/","url":"https:\/\/www.spanishwithalexandra.com\/producto\/pack-descargable-entrena-tu-oido-audio-pdf-interactivo\/","name":"Pack descargable: Entrena tu o\u00eddo \u2013 Audio + PDF interactivo - Spanish with Alexandra","isPartOf":{"@id":"https:\/\/www.spanishwithalexandra.com\/#website"},"primaryImageOfPage":{"@id":"https:\/\/www.spanishwithalexandra.com\/producto\/pack-descargable-entrena-tu-oido-audio-pdf-interactivo\/#primaryimage"},"image":{"@id":"https:\/\/www.spanishwithalexandra.com\/producto\/pack-descargable-entrena-tu-oido-audio-pdf-interactivo\/#primaryimage"},"thumbnailUrl":"https:\/\/spanishwithalexandra.com\/wp-content\/uploads\/2025\/03\/Frame-119.jpg","datePublished":"2025-03-14T14:15:45+00:00","dateModified":"2025-05-26T19:02:55+00:00","breadcrumb":{"@id":"https:\/\/www.spanishwithalexandra.com\/producto\/pack-descargable-entrena-tu-oido-audio-pdf-interactivo\/#breadcrumb"},"inLanguage":"en-GB","potentialAction":[{"@type":"ReadAction","target":["https:\/\/www.spanishwithalexandra.com\/producto\/pack-descargable-entrena-tu-oido-audio-pdf-interactivo\/"]}]},{"@type":"ImageObject","inLanguage":"en-GB","@id":"https:\/\/www.spanishwithalexandra.com\/producto\/pack-descargable-entrena-tu-oido-audio-pdf-interactivo\/#primaryimage","url":"https:\/\/spanishwithalexandra.com\/wp-content\/uploads\/2025\/03\/Frame-119.jpg","contentUrl":"https:\/\/spanishwithalexandra.com\/wp-content\/uploads\/2025\/03\/Frame-119.jpg","width":357,"height":350,"caption":"Pack descargable: Entrena tu o\u00eddo \u2013 Audio + PDF interactivo"},{"@type":"BreadcrumbList","@id":"https:\/\/www.spanishwithalexandra.com\/producto\/pack-descargable-entrena-tu-oido-audio-pdf-interactivo\/#breadcrumb","itemListElement":[{"@type":"ListItem","position":1,"name":"Portada","item":"https:\/\/www.spanishwithalexandra.com\/"},{"@type":"ListItem","position":2,"name":"Tienda","item":"https:\/\/www.spanishwithalexandra.com\/tienda\/"},{"@type":"ListItem","position":3,"name":"Pack descargable: Entrena tu o\u00eddo \u2013 Audio + PDF interactivo"}]},{"@type":"WebSite","@id":"https:\/\/www.spanishwithalexandra.com\/#website","url":"https:\/\/www.spanishwithalexandra.com\/","name":"Spanish with Alexandra","description":"Clases de espa\u00f1ol online con profesora nativa","publisher":{"@id":"https:\/\/www.spanishwithalexandra.com\/#organization"},"potentialAction":[{"@type":"SearchAction","target":{"@type":"EntryPoint","urlTemplate":"https:\/\/www.spanishwithalexandra.com\/?s={search_term_string}"},"query-input":{"@type":"PropertyValueSpecification","valueRequired":true,"valueName":"search_term_string"}}],"inLanguage":"en-GB"},{"@type":"Organization","@id":"https:\/\/www.spanishwithalexandra.com\/#organization","name":"Spanish with Alexandra","url":"https:\/\/www.spanishwithalexandra.com\/","logo":{"@type":"ImageObject","inLanguage":"en-GB","@id":"https:\/\/www.spanishwithalexandra.com\/#\/schema\/logo\/image\/","url":"https:\/\/spanishwithalexandra.com\/wp-content\/uploads\/2024\/05\/logo-makeit.webp","contentUrl":"https:\/\/spanishwithalexandra.com\/wp-content\/uploads\/2024\/05\/logo-makeit.webp","width":442,"height":450,"caption":"Spanish with Alexandra"},"image":{"@id":"https:\/\/www.spanishwithalexandra.com\/#\/schema\/logo\/image\/"}}]}},"_links":{"self":[{"href":"https:\/\/spanishwithalexandra.com\/en\/wp-json\/wp\/v2\/product\/1430","targetHints":{"allow":["GET"]}}],"collection":[{"href":"https:\/\/spanishwithalexandra.com\/en\/wp-json\/wp\/v2\/product"}],"about":[{"href":"https:\/\/spanishwithalexandra.com\/en\/wp-json\/wp\/v2\/types\/product"}],"replies":[{"embeddable":true,"href":"https:\/\/spanishwithalexandra.com\/en\/wp-json\/wp\/v2\/comments?post=1430"}],"wp:featuredmedia":[{"embeddable":true,"href":"https:\/\/spanishwithalexandra.com\/en\/wp-json\/wp\/v2\/media\/1426"}],"wp:attachment":[{"href":"https:\/\/spanishwithalexandra.com\/en\/wp-json\/wp\/v2\/media?parent=1430"}],"wp:term":[{"taxonomy":"product_brand","embeddable":true,"href":"https:\/\/spanishwithalexandra.com\/en\/wp-json\/wp\/v2\/product_brand?post=1430"},{"taxonomy":"product_cat","embeddable":true,"href":"https:\/\/spanishwithalexandra.com\/en\/wp-json\/wp\/v2\/product_cat?post=1430"},{"taxonomy":"product_tag","embeddable":true,"href":"https:\/\/spanishwithalexandra.com\/en\/wp-json\/wp\/v2\/product_tag?post=1430"}],"curies":[{"name":"wp","href":"https:\/\/api.w.org\/{rel}","templated":true}]}}