{"id":1432,"date":"2025-03-14T15:16:58","date_gmt":"2025-03-14T14:16:58","guid":{"rendered":"https:\/\/spanishwithalexandra.orbidi.dev\/?post_type=product&#038;p=1432"},"modified":"2025-05-26T21:02:49","modified_gmt":"2025-05-26T19:02:49","slug":"guia-interactiva-gramatica-facil-para-hablar-espanol-con-fluidez","status":"publish","type":"product","link":"https:\/\/spanishwithalexandra.com\/en\/product\/guia-interactiva-gramatica-facil-para-hablar-espanol-con-fluidez\/","title":{"rendered":"Gu\u00eda interactiva: Gram\u00e1tica f\u00e1cil para hablar espa\u00f1ol con fluidez"},"content":{"rendered":"<p><span style=\"font-weight: 400;\">Una gu\u00eda clara y sencilla para entender la gram\u00e1tica sin complicaciones y aplicarla en conversaciones reales con confianza.<\/span><\/p>\n<ul>\n<li style=\"font-weight: 400;\" aria-level=\"1\"><span style=\"font-weight: 400;\">Explicaciones simples con ejemplos f\u00e1ciles de entender<\/span><\/li>\n<li style=\"font-weight: 400;\" aria-level=\"1\"><span style=\"font-weight: 400;\">Ejercicios pr\u00e1cticos para aplicar cada regla de inmediato<\/span><\/li>\n<li style=\"font-weight: 400;\" aria-level=\"1\"><span style=\"font-weight: 400;\">Estrategias para hablar sin traducir mentalmente<\/span><\/li>\n<li style=\"font-weight: 400;\" aria-level=\"1\"><span style=\"font-weight: 400;\">Dise\u00f1o interactivo con autoevaluaciones y ejercicios corregidos<\/span><\/li>\n<li style=\"font-weight: 400;\" aria-level=\"1\"><span style=\"font-weight: 400;\">Ideal para todos los niveles, desde principiantes hasta avanzados<\/span><\/li>\n<\/ul>\n<p><span style=\"font-weight: 400;\">Aprende gram\u00e1tica sin esfuerzo y mejora tu espa\u00f1ol desde hoy.<\/span><\/p>","protected":false},"excerpt":{"rendered":"<p>Una gu\u00eda clara y sencilla para entender la gram\u00e1tica sin complicaciones y aplicarla en conversaciones reales con confianza. Explicaciones simples con ejemplos f\u00e1ciles de entender Ejercicios pr\u00e1cticos para aplicar cada regla de inmediato Estrategias para hablar sin traducir mentalmente Dise\u00f1o interactivo con autoevaluaciones y ejercicios corregidos Ideal para todos los niveles, desde principiantes hasta avanzados [&hellip;]<\/p>\n","protected":false},"featured_media":1428,"comment_status":"open","ping_status":"closed","template":"","meta":[],"product_brand":[],"product_cat":[34],"product_tag":[],"class_list":{"0":"post-1432","1":"product","2":"type-product","3":"status-publish","4":"has-post-thumbnail","6":"product_cat-guias-interactivas","8":"first","9":"instock","10":"shipping-taxable","11":"purchasable","12":"product-type-simple"},"yoast_head":"<!-- This site is optimized with the Yoast SEO plugin v27.5 - https:\/\/yoast.com\/product\/yoast-seo-wordpress\/ -->\n<title>Gu\u00eda interactiva: Gram\u00e1tica f\u00e1cil para hablar espa\u00f1ol con fluidez - Spanish with Alexandra<\/title>\n<meta name=\"robots\" content=\"index, follow, max-snippet:-1, max-image-preview:large, max-video-preview:-1\" \/>\n<link rel=\"canonical\" href=\"https:\/\/spanishwithalexandra.com\/en\/product\/guia-interactiva-gramatica-facil-para-hablar-espanol-con-fluidez\/\" \/>\n<meta property=\"og:locale\" content=\"en_GB\" \/>\n<meta property=\"og:type\" content=\"article\" \/>\n<meta property=\"og:title\" content=\"Gu\u00eda interactiva: Gram\u00e1tica f\u00e1cil para hablar espa\u00f1ol con fluidez - Spanish with Alexandra\" \/>\n<meta property=\"og:description\" content=\"Una gu\u00eda clara y sencilla para entender la gram\u00e1tica sin complicaciones y aplicarla en conversaciones reales con confianza. Explicaciones simples con ejemplos f\u00e1ciles de entender Ejercicios pr\u00e1cticos para aplicar cada regla de inmediato Estrategias para hablar sin traducir mentalmente Dise\u00f1o interactivo con autoevaluaciones y ejercicios corregidos Ideal para todos los niveles, desde principiantes hasta avanzados [&hellip;]\" \/>\n<meta property=\"og:url\" content=\"https:\/\/spanishwithalexandra.com\/en\/product\/guia-interactiva-gramatica-facil-para-hablar-espanol-con-fluidez\/\" \/>\n<meta property=\"og:site_name\" content=\"Spanish with Alexandra\" \/>\n<meta property=\"article:modified_time\" content=\"2025-05-26T19:02:49+00:00\" \/>\n<meta property=\"og:image\" content=\"https:\/\/spanishwithalexandra.com\/wp-content\/uploads\/2025\/03\/Frame-121.jpg\" \/>\n\t<meta property=\"og:image:width\" content=\"357\" \/>\n\t<meta property=\"og:image:height\" content=\"350\" \/>\n\t<meta property=\"og:image:type\" content=\"image\/jpeg\" \/>\n<meta name=\"twitter:card\" content=\"summary_large_image\" \/>\n<script type=\"application\/ld+json\" class=\"yoast-schema-graph\">{\"@context\":\"https:\\\/\\\/schema.org\",\"@graph\":[{\"@type\":\"WebPage\",\"@id\":\"https:\\\/\\\/spanishwithalexandra.com\\\/producto\\\/guia-interactiva-gramatica-facil-para-hablar-espanol-con-fluidez\\\/\",\"url\":\"https:\\\/\\\/spanishwithalexandra.com\\\/producto\\\/guia-interactiva-gramatica-facil-para-hablar-espanol-con-fluidez\\\/\",\"name\":\"Gu\u00eda interactiva: Gram\u00e1tica f\u00e1cil para hablar espa\u00f1ol con fluidez - Spanish with Alexandra\",\"isPartOf\":{\"@id\":\"https:\\\/\\\/www.spanishwithalexandra.com\\\/#website\"},\"primaryImageOfPage\":{\"@id\":\"https:\\\/\\\/spanishwithalexandra.com\\\/producto\\\/guia-interactiva-gramatica-facil-para-hablar-espanol-con-fluidez\\\/#primaryimage\"},\"image\":{\"@id\":\"https:\\\/\\\/spanishwithalexandra.com\\\/producto\\\/guia-interactiva-gramatica-facil-para-hablar-espanol-con-fluidez\\\/#primaryimage\"},\"thumbnailUrl\":\"https:\\\/\\\/spanishwithalexandra.com\\\/wp-content\\\/uploads\\\/2025\\\/03\\\/Frame-121.jpg\",\"datePublished\":\"2025-03-14T14:16:58+00:00\",\"dateModified\":\"2025-05-26T19:02:49+00:00\",\"breadcrumb\":{\"@id\":\"https:\\\/\\\/spanishwithalexandra.com\\\/producto\\\/guia-interactiva-gramatica-facil-para-hablar-espanol-con-fluidez\\\/#breadcrumb\"},\"inLanguage\":\"en-GB\",\"potentialAction\":[{\"@type\":\"ReadAction\",\"target\":[\"https:\\\/\\\/spanishwithalexandra.com\\\/producto\\\/guia-interactiva-gramatica-facil-para-hablar-espanol-con-fluidez\\\/\"]}]},{\"@type\":\"ImageObject\",\"inLanguage\":\"en-GB\",\"@id\":\"https:\\\/\\\/spanishwithalexandra.com\\\/producto\\\/guia-interactiva-gramatica-facil-para-hablar-espanol-con-fluidez\\\/#primaryimage\",\"url\":\"https:\\\/\\\/spanishwithalexandra.com\\\/wp-content\\\/uploads\\\/2025\\\/03\\\/Frame-121.jpg\",\"contentUrl\":\"https:\\\/\\\/spanishwithalexandra.com\\\/wp-content\\\/uploads\\\/2025\\\/03\\\/Frame-121.jpg\",\"width\":357,\"height\":350,\"caption\":\"Gu\u00eda interactiva: Gram\u00e1tica f\u00e1cil para hablar espa\u00f1ol con fluidez\"},{\"@type\":\"BreadcrumbList\",\"@id\":\"https:\\\/\\\/spanishwithalexandra.com\\\/producto\\\/guia-interactiva-gramatica-facil-para-hablar-espanol-con-fluidez\\\/#breadcrumb\",\"itemListElement\":[{\"@type\":\"ListItem\",\"position\":1,\"name\":\"Portada\",\"item\":\"https:\\\/\\\/www.spanishwithalexandra.com\\\/\"},{\"@type\":\"ListItem\",\"position\":2,\"name\":\"Tienda\",\"item\":\"https:\\\/\\\/www.spanishwithalexandra.com\\\/tienda\\\/\"},{\"@type\":\"ListItem\",\"position\":3,\"name\":\"Gu\u00eda interactiva: Gram\u00e1tica f\u00e1cil para hablar espa\u00f1ol con fluidez\"}]},{\"@type\":\"WebSite\",\"@id\":\"https:\\\/\\\/www.spanishwithalexandra.com\\\/#website\",\"url\":\"https:\\\/\\\/www.spanishwithalexandra.com\\\/\",\"name\":\"Spanish with Alexandra\",\"description\":\"Clases de espa\u00f1ol online con profesora nativa\",\"publisher\":{\"@id\":\"https:\\\/\\\/www.spanishwithalexandra.com\\\/#organization\"},\"potentialAction\":[{\"@type\":\"SearchAction\",\"target\":{\"@type\":\"EntryPoint\",\"urlTemplate\":\"https:\\\/\\\/www.spanishwithalexandra.com\\\/?s={search_term_string}\"},\"query-input\":{\"@type\":\"PropertyValueSpecification\",\"valueRequired\":true,\"valueName\":\"search_term_string\"}}],\"inLanguage\":\"en-GB\"},{\"@type\":\"Organization\",\"@id\":\"https:\\\/\\\/www.spanishwithalexandra.com\\\/#organization\",\"name\":\"Spanish with Alexandra\",\"url\":\"https:\\\/\\\/www.spanishwithalexandra.com\\\/\",\"logo\":{\"@type\":\"ImageObject\",\"inLanguage\":\"en-GB\",\"@id\":\"https:\\\/\\\/www.spanishwithalexandra.com\\\/#\\\/schema\\\/logo\\\/image\\\/\",\"url\":\"https:\\\/\\\/spanishwithalexandra.com\\\/wp-content\\\/uploads\\\/2024\\\/05\\\/logo-makeit.webp\",\"contentUrl\":\"https:\\\/\\\/spanishwithalexandra.com\\\/wp-content\\\/uploads\\\/2024\\\/05\\\/logo-makeit.webp\",\"width\":442,\"height\":450,\"caption\":\"Spanish with Alexandra\"},\"image\":{\"@id\":\"https:\\\/\\\/www.spanishwithalexandra.com\\\/#\\\/schema\\\/logo\\\/image\\\/\"}}]}<\/script>\n<!-- \/ Yoast SEO plugin. -->","yoast_head_json":{"title":"Gu\u00eda interactiva: Gram\u00e1tica f\u00e1cil para hablar espa\u00f1ol con fluidez - Spanish with Alexandra","robots":{"index":"index","follow":"follow","max-snippet":"max-snippet:-1","max-image-preview":"max-image-preview:large","max-video-preview":"max-video-preview:-1"},"canonical":"https:\/\/spanishwithalexandra.com\/en\/product\/guia-interactiva-gramatica-facil-para-hablar-espanol-con-fluidez\/","og_locale":"en_GB","og_type":"article","og_title":"Gu\u00eda interactiva: Gram\u00e1tica f\u00e1cil para hablar espa\u00f1ol con fluidez - Spanish with Alexandra","og_description":"Una gu\u00eda clara y sencilla para entender la gram\u00e1tica sin complicaciones y aplicarla en conversaciones reales con confianza. Explicaciones simples con ejemplos f\u00e1ciles de entender Ejercicios pr\u00e1cticos para aplicar cada regla de inmediato Estrategias para hablar sin traducir mentalmente Dise\u00f1o interactivo con autoevaluaciones y ejercicios corregidos Ideal para todos los niveles, desde principiantes hasta avanzados [&hellip;]","og_url":"https:\/\/spanishwithalexandra.com\/en\/product\/guia-interactiva-gramatica-facil-para-hablar-espanol-con-fluidez\/","og_site_name":"Spanish with Alexandra","article_modified_time":"2025-05-26T19:02:49+00:00","og_image":[{"width":357,"height":350,"url":"https:\/\/spanishwithalexandra.com\/wp-content\/uploads\/2025\/03\/Frame-121.jpg","type":"image\/jpeg"}],"twitter_card":"summary_large_image","schema":{"@context":"https:\/\/schema.org","@graph":[{"@type":"WebPage","@id":"https:\/\/spanishwithalexandra.com\/producto\/guia-interactiva-gramatica-facil-para-hablar-espanol-con-fluidez\/","url":"https:\/\/spanishwithalexandra.com\/producto\/guia-interactiva-gramatica-facil-para-hablar-espanol-con-fluidez\/","name":"Gu\u00eda interactiva: Gram\u00e1tica f\u00e1cil para hablar espa\u00f1ol con fluidez - Spanish with Alexandra","isPartOf":{"@id":"https:\/\/www.spanishwithalexandra.com\/#website"},"primaryImageOfPage":{"@id":"https:\/\/spanishwithalexandra.com\/producto\/guia-interactiva-gramatica-facil-para-hablar-espanol-con-fluidez\/#primaryimage"},"image":{"@id":"https:\/\/spanishwithalexandra.com\/producto\/guia-interactiva-gramatica-facil-para-hablar-espanol-con-fluidez\/#primaryimage"},"thumbnailUrl":"https:\/\/spanishwithalexandra.com\/wp-content\/uploads\/2025\/03\/Frame-121.jpg","datePublished":"2025-03-14T14:16:58+00:00","dateModified":"2025-05-26T19:02:49+00:00","breadcrumb":{"@id":"https:\/\/spanishwithalexandra.com\/producto\/guia-interactiva-gramatica-facil-para-hablar-espanol-con-fluidez\/#breadcrumb"},"inLanguage":"en-GB","potentialAction":[{"@type":"ReadAction","target":["https:\/\/spanishwithalexandra.com\/producto\/guia-interactiva-gramatica-facil-para-hablar-espanol-con-fluidez\/"]}]},{"@type":"ImageObject","inLanguage":"en-GB","@id":"https:\/\/spanishwithalexandra.com\/producto\/guia-interactiva-gramatica-facil-para-hablar-espanol-con-fluidez\/#primaryimage","url":"https:\/\/spanishwithalexandra.com\/wp-content\/uploads\/2025\/03\/Frame-121.jpg","contentUrl":"https:\/\/spanishwithalexandra.com\/wp-content\/uploads\/2025\/03\/Frame-121.jpg","width":357,"height":350,"caption":"Gu\u00eda interactiva: Gram\u00e1tica f\u00e1cil para hablar espa\u00f1ol con fluidez"},{"@type":"BreadcrumbList","@id":"https:\/\/spanishwithalexandra.com\/producto\/guia-interactiva-gramatica-facil-para-hablar-espanol-con-fluidez\/#breadcrumb","itemListElement":[{"@type":"ListItem","position":1,"name":"Portada","item":"https:\/\/www.spanishwithalexandra.com\/"},{"@type":"ListItem","position":2,"name":"Tienda","item":"https:\/\/www.spanishwithalexandra.com\/tienda\/"},{"@type":"ListItem","position":3,"name":"Gu\u00eda interactiva: Gram\u00e1tica f\u00e1cil para hablar espa\u00f1ol con fluidez"}]},{"@type":"WebSite","@id":"https:\/\/www.spanishwithalexandra.com\/#website","url":"https:\/\/www.spanishwithalexandra.com\/","name":"Spanish with Alexandra","description":"Clases de espa\u00f1ol online con profesora nativa","publisher":{"@id":"https:\/\/www.spanishwithalexandra.com\/#organization"},"potentialAction":[{"@type":"SearchAction","target":{"@type":"EntryPoint","urlTemplate":"https:\/\/www.spanishwithalexandra.com\/?s={search_term_string}"},"query-input":{"@type":"PropertyValueSpecification","valueRequired":true,"valueName":"search_term_string"}}],"inLanguage":"en-GB"},{"@type":"Organization","@id":"https:\/\/www.spanishwithalexandra.com\/#organization","name":"Spanish with Alexandra","url":"https:\/\/www.spanishwithalexandra.com\/","logo":{"@type":"ImageObject","inLanguage":"en-GB","@id":"https:\/\/www.spanishwithalexandra.com\/#\/schema\/logo\/image\/","url":"https:\/\/spanishwithalexandra.com\/wp-content\/uploads\/2024\/05\/logo-makeit.webp","contentUrl":"https:\/\/spanishwithalexandra.com\/wp-content\/uploads\/2024\/05\/logo-makeit.webp","width":442,"height":450,"caption":"Spanish with Alexandra"},"image":{"@id":"https:\/\/www.spanishwithalexandra.com\/#\/schema\/logo\/image\/"}}]}},"_links":{"self":[{"href":"https:\/\/spanishwithalexandra.com\/en\/wp-json\/wp\/v2\/product\/1432","targetHints":{"allow":["GET"]}}],"collection":[{"href":"https:\/\/spanishwithalexandra.com\/en\/wp-json\/wp\/v2\/product"}],"about":[{"href":"https:\/\/spanishwithalexandra.com\/en\/wp-json\/wp\/v2\/types\/product"}],"replies":[{"embeddable":true,"href":"https:\/\/spanishwithalexandra.com\/en\/wp-json\/wp\/v2\/comments?post=1432"}],"wp:featuredmedia":[{"embeddable":true,"href":"https:\/\/spanishwithalexandra.com\/en\/wp-json\/wp\/v2\/media\/1428"}],"wp:attachment":[{"href":"https:\/\/spanishwithalexandra.com\/en\/wp-json\/wp\/v2\/media?parent=1432"}],"wp:term":[{"taxonomy":"product_brand","embeddable":true,"href":"https:\/\/spanishwithalexandra.com\/en\/wp-json\/wp\/v2\/product_brand?post=1432"},{"taxonomy":"product_cat","embeddable":true,"href":"https:\/\/spanishwithalexandra.com\/en\/wp-json\/wp\/v2\/product_cat?post=1432"},{"taxonomy":"product_tag","embeddable":true,"href":"https:\/\/spanishwithalexandra.com\/en\/wp-json\/wp\/v2\/product_tag?post=1432"}],"curies":[{"name":"wp","href":"https:\/\/api.w.org\/{rel}","templated":true}]}}