{"id":1434,"date":"2025-03-14T15:18:23","date_gmt":"2025-03-14T14:18:23","guid":{"rendered":"https:\/\/spanishwithalexandra.orbidi.dev\/?post_type=product&#038;p=1434"},"modified":"2025-05-26T21:02:37","modified_gmt":"2025-05-26T19:02:37","slug":"pack-descargable-simulador-de-conversaciones-en-espanol-audio-pdf","status":"publish","type":"product","link":"https:\/\/spanishwithalexandra.com\/en\/product\/pack-descargable-simulador-de-conversaciones-en-espanol-audio-pdf\/","title":{"rendered":"Pack descargable: Simulador de conversaciones en espa\u00f1ol Audio + PDF"},"content":{"rendered":"<p><span style=\"font-weight: 400;\">Practica espa\u00f1ol con conversaciones simuladas que te ayudar\u00e1n a mejorar tu fluidez, comprensi\u00f3n y respuesta r\u00e1pida en situaciones reales.<\/span><\/p>\n<ul>\n<li style=\"font-weight: 400;\" aria-level=\"1\"><span style=\"font-weight: 400;\">Di\u00e1logos grabados con hablantes nativos para entrenar tu o\u00eddo<\/span><\/li>\n<li style=\"font-weight: 400;\" aria-level=\"1\"><span style=\"font-weight: 400;\">Ejercicios para mejorar la estructura y rapidez al responder<\/span><\/li>\n<li style=\"font-weight: 400;\" aria-level=\"1\"><span style=\"font-weight: 400;\">Frases \u00fatiles para conversaciones en viajes, trabajo y estudios<\/span><\/li>\n<li style=\"font-weight: 400;\" aria-level=\"1\"><span style=\"font-weight: 400;\">Diferentes niveles de dificultad para adaptarse a tu progreso<\/span><\/li>\n<li style=\"font-weight: 400;\" aria-level=\"1\"><span style=\"font-weight: 400;\">Formato descargable para practicar cuando y donde quieras<\/span><\/li>\n<\/ul>\n<p><span style=\"font-weight: 400;\">Sum\u00e9rgete en el idioma con este simulador y gana confianza.<\/span><\/p>","protected":false},"excerpt":{"rendered":"<p>Practica espa\u00f1ol con conversaciones simuladas que te ayudar\u00e1n a mejorar tu fluidez, comprensi\u00f3n y respuesta r\u00e1pida en situaciones reales. Di\u00e1logos grabados con hablantes nativos para entrenar tu o\u00eddo Ejercicios para mejorar la estructura y rapidez al responder Frases \u00fatiles para conversaciones en viajes, trabajo y estudios Diferentes niveles de dificultad para adaptarse a tu progreso [&hellip;]<\/p>\n","protected":false},"featured_media":1424,"comment_status":"open","ping_status":"closed","template":"","meta":[],"product_brand":[],"product_cat":[36],"product_tag":[],"class_list":{"0":"post-1434","1":"product","2":"type-product","3":"status-publish","4":"has-post-thumbnail","6":"product_cat-packs-descargables","8":"first","9":"instock","10":"shipping-taxable","11":"purchasable","12":"product-type-simple"},"yoast_head":"<!-- This site is optimized with the Yoast SEO plugin v27.5 - https:\/\/yoast.com\/product\/yoast-seo-wordpress\/ -->\n<title>Pack descargable: Simulador de conversaciones en espa\u00f1ol Audio + PDF - Spanish with Alexandra<\/title>\n<meta name=\"robots\" content=\"index, follow, max-snippet:-1, max-image-preview:large, max-video-preview:-1\" \/>\n<link rel=\"canonical\" href=\"https:\/\/spanishwithalexandra.com\/en\/product\/pack-descargable-simulador-de-conversaciones-en-espanol-audio-pdf\/\" \/>\n<meta property=\"og:locale\" content=\"en_GB\" \/>\n<meta property=\"og:type\" content=\"article\" \/>\n<meta property=\"og:title\" content=\"Pack descargable: Simulador de conversaciones en espa\u00f1ol Audio + PDF - Spanish with Alexandra\" \/>\n<meta property=\"og:description\" content=\"Practica espa\u00f1ol con conversaciones simuladas que te ayudar\u00e1n a mejorar tu fluidez, comprensi\u00f3n y respuesta r\u00e1pida en situaciones reales. Di\u00e1logos grabados con hablantes nativos para entrenar tu o\u00eddo Ejercicios para mejorar la estructura y rapidez al responder Frases \u00fatiles para conversaciones en viajes, trabajo y estudios Diferentes niveles de dificultad para adaptarse a tu progreso [&hellip;]\" \/>\n<meta property=\"og:url\" content=\"https:\/\/spanishwithalexandra.com\/en\/product\/pack-descargable-simulador-de-conversaciones-en-espanol-audio-pdf\/\" \/>\n<meta property=\"og:site_name\" content=\"Spanish with Alexandra\" \/>\n<meta property=\"article:modified_time\" content=\"2025-05-26T19:02:37+00:00\" \/>\n<meta property=\"og:image\" content=\"https:\/\/spanishwithalexandra.com\/wp-content\/uploads\/2025\/03\/Frame-123.jpg\" \/>\n\t<meta property=\"og:image:width\" content=\"357\" \/>\n\t<meta property=\"og:image:height\" content=\"350\" \/>\n\t<meta property=\"og:image:type\" content=\"image\/jpeg\" \/>\n<meta name=\"twitter:card\" content=\"summary_large_image\" \/>\n<script type=\"application\/ld+json\" class=\"yoast-schema-graph\">{\"@context\":\"https:\\\/\\\/schema.org\",\"@graph\":[{\"@type\":\"WebPage\",\"@id\":\"https:\\\/\\\/spanishwithalexandra.com\\\/producto\\\/pack-descargable-simulador-de-conversaciones-en-espanol-audio-pdf\\\/\",\"url\":\"https:\\\/\\\/spanishwithalexandra.com\\\/producto\\\/pack-descargable-simulador-de-conversaciones-en-espanol-audio-pdf\\\/\",\"name\":\"Pack descargable: Simulador de conversaciones en espa\u00f1ol Audio + PDF - Spanish with Alexandra\",\"isPartOf\":{\"@id\":\"https:\\\/\\\/www.spanishwithalexandra.com\\\/#website\"},\"primaryImageOfPage\":{\"@id\":\"https:\\\/\\\/spanishwithalexandra.com\\\/producto\\\/pack-descargable-simulador-de-conversaciones-en-espanol-audio-pdf\\\/#primaryimage\"},\"image\":{\"@id\":\"https:\\\/\\\/spanishwithalexandra.com\\\/producto\\\/pack-descargable-simulador-de-conversaciones-en-espanol-audio-pdf\\\/#primaryimage\"},\"thumbnailUrl\":\"https:\\\/\\\/spanishwithalexandra.com\\\/wp-content\\\/uploads\\\/2025\\\/03\\\/Frame-123.jpg\",\"datePublished\":\"2025-03-14T14:18:23+00:00\",\"dateModified\":\"2025-05-26T19:02:37+00:00\",\"breadcrumb\":{\"@id\":\"https:\\\/\\\/spanishwithalexandra.com\\\/producto\\\/pack-descargable-simulador-de-conversaciones-en-espanol-audio-pdf\\\/#breadcrumb\"},\"inLanguage\":\"en-GB\",\"potentialAction\":[{\"@type\":\"ReadAction\",\"target\":[\"https:\\\/\\\/spanishwithalexandra.com\\\/producto\\\/pack-descargable-simulador-de-conversaciones-en-espanol-audio-pdf\\\/\"]}]},{\"@type\":\"ImageObject\",\"inLanguage\":\"en-GB\",\"@id\":\"https:\\\/\\\/spanishwithalexandra.com\\\/producto\\\/pack-descargable-simulador-de-conversaciones-en-espanol-audio-pdf\\\/#primaryimage\",\"url\":\"https:\\\/\\\/spanishwithalexandra.com\\\/wp-content\\\/uploads\\\/2025\\\/03\\\/Frame-123.jpg\",\"contentUrl\":\"https:\\\/\\\/spanishwithalexandra.com\\\/wp-content\\\/uploads\\\/2025\\\/03\\\/Frame-123.jpg\",\"width\":357,\"height\":350,\"caption\":\"Pack descargable: Simulador de conversaciones en espa\u00f1ol Audio + PDF\"},{\"@type\":\"BreadcrumbList\",\"@id\":\"https:\\\/\\\/spanishwithalexandra.com\\\/producto\\\/pack-descargable-simulador-de-conversaciones-en-espanol-audio-pdf\\\/#breadcrumb\",\"itemListElement\":[{\"@type\":\"ListItem\",\"position\":1,\"name\":\"Portada\",\"item\":\"https:\\\/\\\/www.spanishwithalexandra.com\\\/\"},{\"@type\":\"ListItem\",\"position\":2,\"name\":\"Tienda\",\"item\":\"https:\\\/\\\/www.spanishwithalexandra.com\\\/tienda\\\/\"},{\"@type\":\"ListItem\",\"position\":3,\"name\":\"Pack descargable: Simulador de conversaciones en espa\u00f1ol Audio + PDF\"}]},{\"@type\":\"WebSite\",\"@id\":\"https:\\\/\\\/www.spanishwithalexandra.com\\\/#website\",\"url\":\"https:\\\/\\\/www.spanishwithalexandra.com\\\/\",\"name\":\"Spanish with Alexandra\",\"description\":\"Clases de espa\u00f1ol online con profesora nativa\",\"publisher\":{\"@id\":\"https:\\\/\\\/www.spanishwithalexandra.com\\\/#organization\"},\"potentialAction\":[{\"@type\":\"SearchAction\",\"target\":{\"@type\":\"EntryPoint\",\"urlTemplate\":\"https:\\\/\\\/www.spanishwithalexandra.com\\\/?s={search_term_string}\"},\"query-input\":{\"@type\":\"PropertyValueSpecification\",\"valueRequired\":true,\"valueName\":\"search_term_string\"}}],\"inLanguage\":\"en-GB\"},{\"@type\":\"Organization\",\"@id\":\"https:\\\/\\\/www.spanishwithalexandra.com\\\/#organization\",\"name\":\"Spanish with Alexandra\",\"url\":\"https:\\\/\\\/www.spanishwithalexandra.com\\\/\",\"logo\":{\"@type\":\"ImageObject\",\"inLanguage\":\"en-GB\",\"@id\":\"https:\\\/\\\/www.spanishwithalexandra.com\\\/#\\\/schema\\\/logo\\\/image\\\/\",\"url\":\"https:\\\/\\\/spanishwithalexandra.com\\\/wp-content\\\/uploads\\\/2024\\\/05\\\/logo-makeit.webp\",\"contentUrl\":\"https:\\\/\\\/spanishwithalexandra.com\\\/wp-content\\\/uploads\\\/2024\\\/05\\\/logo-makeit.webp\",\"width\":442,\"height\":450,\"caption\":\"Spanish with Alexandra\"},\"image\":{\"@id\":\"https:\\\/\\\/www.spanishwithalexandra.com\\\/#\\\/schema\\\/logo\\\/image\\\/\"}}]}<\/script>\n<!-- \/ Yoast SEO plugin. -->","yoast_head_json":{"title":"Pack descargable: Simulador de conversaciones en espa\u00f1ol Audio + PDF - Spanish with Alexandra","robots":{"index":"index","follow":"follow","max-snippet":"max-snippet:-1","max-image-preview":"max-image-preview:large","max-video-preview":"max-video-preview:-1"},"canonical":"https:\/\/spanishwithalexandra.com\/en\/product\/pack-descargable-simulador-de-conversaciones-en-espanol-audio-pdf\/","og_locale":"en_GB","og_type":"article","og_title":"Pack descargable: Simulador de conversaciones en espa\u00f1ol Audio + PDF - Spanish with Alexandra","og_description":"Practica espa\u00f1ol con conversaciones simuladas que te ayudar\u00e1n a mejorar tu fluidez, comprensi\u00f3n y respuesta r\u00e1pida en situaciones reales. Di\u00e1logos grabados con hablantes nativos para entrenar tu o\u00eddo Ejercicios para mejorar la estructura y rapidez al responder Frases \u00fatiles para conversaciones en viajes, trabajo y estudios Diferentes niveles de dificultad para adaptarse a tu progreso [&hellip;]","og_url":"https:\/\/spanishwithalexandra.com\/en\/product\/pack-descargable-simulador-de-conversaciones-en-espanol-audio-pdf\/","og_site_name":"Spanish with Alexandra","article_modified_time":"2025-05-26T19:02:37+00:00","og_image":[{"width":357,"height":350,"url":"https:\/\/spanishwithalexandra.com\/wp-content\/uploads\/2025\/03\/Frame-123.jpg","type":"image\/jpeg"}],"twitter_card":"summary_large_image","schema":{"@context":"https:\/\/schema.org","@graph":[{"@type":"WebPage","@id":"https:\/\/spanishwithalexandra.com\/producto\/pack-descargable-simulador-de-conversaciones-en-espanol-audio-pdf\/","url":"https:\/\/spanishwithalexandra.com\/producto\/pack-descargable-simulador-de-conversaciones-en-espanol-audio-pdf\/","name":"Pack descargable: Simulador de conversaciones en espa\u00f1ol Audio + PDF - Spanish with Alexandra","isPartOf":{"@id":"https:\/\/www.spanishwithalexandra.com\/#website"},"primaryImageOfPage":{"@id":"https:\/\/spanishwithalexandra.com\/producto\/pack-descargable-simulador-de-conversaciones-en-espanol-audio-pdf\/#primaryimage"},"image":{"@id":"https:\/\/spanishwithalexandra.com\/producto\/pack-descargable-simulador-de-conversaciones-en-espanol-audio-pdf\/#primaryimage"},"thumbnailUrl":"https:\/\/spanishwithalexandra.com\/wp-content\/uploads\/2025\/03\/Frame-123.jpg","datePublished":"2025-03-14T14:18:23+00:00","dateModified":"2025-05-26T19:02:37+00:00","breadcrumb":{"@id":"https:\/\/spanishwithalexandra.com\/producto\/pack-descargable-simulador-de-conversaciones-en-espanol-audio-pdf\/#breadcrumb"},"inLanguage":"en-GB","potentialAction":[{"@type":"ReadAction","target":["https:\/\/spanishwithalexandra.com\/producto\/pack-descargable-simulador-de-conversaciones-en-espanol-audio-pdf\/"]}]},{"@type":"ImageObject","inLanguage":"en-GB","@id":"https:\/\/spanishwithalexandra.com\/producto\/pack-descargable-simulador-de-conversaciones-en-espanol-audio-pdf\/#primaryimage","url":"https:\/\/spanishwithalexandra.com\/wp-content\/uploads\/2025\/03\/Frame-123.jpg","contentUrl":"https:\/\/spanishwithalexandra.com\/wp-content\/uploads\/2025\/03\/Frame-123.jpg","width":357,"height":350,"caption":"Pack descargable: Simulador de conversaciones en espa\u00f1ol Audio + PDF"},{"@type":"BreadcrumbList","@id":"https:\/\/spanishwithalexandra.com\/producto\/pack-descargable-simulador-de-conversaciones-en-espanol-audio-pdf\/#breadcrumb","itemListElement":[{"@type":"ListItem","position":1,"name":"Portada","item":"https:\/\/www.spanishwithalexandra.com\/"},{"@type":"ListItem","position":2,"name":"Tienda","item":"https:\/\/www.spanishwithalexandra.com\/tienda\/"},{"@type":"ListItem","position":3,"name":"Pack descargable: Simulador de conversaciones en espa\u00f1ol Audio + PDF"}]},{"@type":"WebSite","@id":"https:\/\/www.spanishwithalexandra.com\/#website","url":"https:\/\/www.spanishwithalexandra.com\/","name":"Spanish with Alexandra","description":"Clases de espa\u00f1ol online con profesora nativa","publisher":{"@id":"https:\/\/www.spanishwithalexandra.com\/#organization"},"potentialAction":[{"@type":"SearchAction","target":{"@type":"EntryPoint","urlTemplate":"https:\/\/www.spanishwithalexandra.com\/?s={search_term_string}"},"query-input":{"@type":"PropertyValueSpecification","valueRequired":true,"valueName":"search_term_string"}}],"inLanguage":"en-GB"},{"@type":"Organization","@id":"https:\/\/www.spanishwithalexandra.com\/#organization","name":"Spanish with Alexandra","url":"https:\/\/www.spanishwithalexandra.com\/","logo":{"@type":"ImageObject","inLanguage":"en-GB","@id":"https:\/\/www.spanishwithalexandra.com\/#\/schema\/logo\/image\/","url":"https:\/\/spanishwithalexandra.com\/wp-content\/uploads\/2024\/05\/logo-makeit.webp","contentUrl":"https:\/\/spanishwithalexandra.com\/wp-content\/uploads\/2024\/05\/logo-makeit.webp","width":442,"height":450,"caption":"Spanish with Alexandra"},"image":{"@id":"https:\/\/www.spanishwithalexandra.com\/#\/schema\/logo\/image\/"}}]}},"_links":{"self":[{"href":"https:\/\/spanishwithalexandra.com\/en\/wp-json\/wp\/v2\/product\/1434","targetHints":{"allow":["GET"]}}],"collection":[{"href":"https:\/\/spanishwithalexandra.com\/en\/wp-json\/wp\/v2\/product"}],"about":[{"href":"https:\/\/spanishwithalexandra.com\/en\/wp-json\/wp\/v2\/types\/product"}],"replies":[{"embeddable":true,"href":"https:\/\/spanishwithalexandra.com\/en\/wp-json\/wp\/v2\/comments?post=1434"}],"wp:featuredmedia":[{"embeddable":true,"href":"https:\/\/spanishwithalexandra.com\/en\/wp-json\/wp\/v2\/media\/1424"}],"wp:attachment":[{"href":"https:\/\/spanishwithalexandra.com\/en\/wp-json\/wp\/v2\/media?parent=1434"}],"wp:term":[{"taxonomy":"product_brand","embeddable":true,"href":"https:\/\/spanishwithalexandra.com\/en\/wp-json\/wp\/v2\/product_brand?post=1434"},{"taxonomy":"product_cat","embeddable":true,"href":"https:\/\/spanishwithalexandra.com\/en\/wp-json\/wp\/v2\/product_cat?post=1434"},{"taxonomy":"product_tag","embeddable":true,"href":"https:\/\/spanishwithalexandra.com\/en\/wp-json\/wp\/v2\/product_tag?post=1434"}],"curies":[{"name":"wp","href":"https:\/\/api.w.org\/{rel}","templated":true}]}}